{"id":853,"date":"2025-10-03T16:13:08","date_gmt":"2025-10-03T14:13:08","guid":{"rendered":"https:\/\/reconverchiens.fr\/?page_id=853"},"modified":"2025-10-03T16:20:52","modified_gmt":"2025-10-03T14:20:52","slug":"liens-rapides-educationcanine-94","status":"publish","type":"page","link":"https:\/\/reconverchiens.fr\/index.php\/liens-rapides-educationcanine-94\/","title":{"rendered":"Mes liens rapides"},"content":{"rendered":"<p>[et_pb_section fb_built=\u00a0\u00bb1&Prime; _builder_version=\u00a0\u00bb4.22.0&Prime; _module_preset=\u00a0\u00bbdefault\u00a0\u00bb background_color=\u00a0\u00bb#FFFFFF\u00a0\u00bb global_colors_info=\u00a0\u00bb{}\u00a0\u00bb][et_pb_row _builder_version=\u00a0\u00bb4.22.0&Prime; _module_preset=\u00a0\u00bbdefault\u00a0\u00bb global_colors_info=\u00a0\u00bb{}\u00a0\u00bb][et_pb_column type=\u00a0\u00bb4_4&Prime; _builder_version=\u00a0\u00bb4.22.0&Prime; _module_preset=\u00a0\u00bbdefault\u00a0\u00bb global_colors_info=\u00a0\u00bb{}\u00a0\u00bb][et_pb_text _builder_version=\u00a0\u00bb4.22.0&Prime; _module_preset=\u00a0\u00bbdefault\u00a0\u00bb text_font=\u00a0\u00bbAbril Fatface||||||||\u00a0\u00bb text_text_color=\u00a0\u00bb#EF9372&Prime; text_font_size=\u00a0\u00bb31px\u00a0\u00bb text_orientation=\u00a0\u00bbcenter\u00a0\u00bb hover_enabled=\u00a0\u00bb0&Prime; global_colors_info=\u00a0\u00bb{}\u00a0\u00bb text_font_size_last_edited=\u00a0\u00bbon|phone\u00a0\u00bb text_font_size_phone=\u00a0\u00bb19px\u00a0\u00bb sticky_enabled=\u00a0\u00bb0&Prime; text_font_size_tablet=\u00a0\u00bb31px\u00a0\u00bb]<\/p>\n<p>Bienvenue dans votre safe-space pour \u00e9duquer et comprendre<br \/>votre chien ou votre chienne \ud83d\udc96<\/p>\n<p>[\/et_pb_text][et_pb_button button_url=\u00a0\u00bbhttps:\/\/calendly.com\/reconverchiens\/appeldecouverte\u00a0\u00bb button_text=\u00a0\u00bb\u260e\ufe0f R\u00e9server un appel d\u00e9couverte\u00a0\u00bb button_alignment=\u00a0\u00bbcenter\u00a0\u00bb _builder_version=\u00a0\u00bb4.22.0&Prime; _module_preset=\u00a0\u00bbdefault\u00a0\u00bb custom_button=\u00a0\u00bbon\u00a0\u00bb button_text_size=\u00a0\u00bb20px\u00a0\u00bb button_text_color=\u00a0\u00bb#FFFFFF\u00a0\u00bb button_bg_color=\u00a0\u00bb#372F3E\u00a0\u00bb button_border_width=\u00a0\u00bb0px\u00a0\u00bb button_border_color=\u00a0\u00bbRGBA(255,255,255,0)\u00a0\u00bb button_border_radius=\u00a0\u00bb5px\u00a0\u00bb button_font=\u00a0\u00bbABeeZee||||||||\u00a0\u00bb transform_scale=\u00a0\u00bb96%|96%\u00a0\u00bb custom_margin=\u00a0\u00bb2px|||||\u00a0\u00bb hover_enabled=\u00a0\u00bb0&Prime; global_colors_info=\u00a0\u00bb{}\u00a0\u00bb button_text_size_last_edited=\u00a0\u00bbon|phone\u00a0\u00bb button_text_size_phone=\u00a0\u00bb17px\u00a0\u00bb sticky_enabled=\u00a0\u00bb0&Prime; button_text_size_tablet=\u00a0\u00bb20px\u00a0\u00bb][\/et_pb_button][et_pb_button button_url=\u00a0\u00bbhttps:\/\/calendly.com\/reconverchiens\u00a0\u00bb button_text=\u00a0\u00bb\ud83d\udcc6 Prendre rdv avec moi\u00a0\u00bb button_alignment=\u00a0\u00bbcenter\u00a0\u00bb _builder_version=\u00a0\u00bb4.22.0&Prime; _module_preset=\u00a0\u00bbdefault\u00a0\u00bb custom_button=\u00a0\u00bbon\u00a0\u00bb button_text_size=\u00a0\u00bb20px\u00a0\u00bb button_text_color=\u00a0\u00bb#FFFFFF\u00a0\u00bb button_bg_color=\u00a0\u00bb#372F3E\u00a0\u00bb button_border_width=\u00a0\u00bb0px\u00a0\u00bb button_border_color=\u00a0\u00bbRGBA(255,255,255,0)\u00a0\u00bb button_border_radius=\u00a0\u00bb5px\u00a0\u00bb button_font=\u00a0\u00bbABeeZee||||||||\u00a0\u00bb transform_scale=\u00a0\u00bb96%|96%\u00a0\u00bb custom_margin=\u00a0\u00bb2px|||||\u00a0\u00bb hover_enabled=\u00a0\u00bb0&Prime; global_colors_info=\u00a0\u00bb{}\u00a0\u00bb button_text_size_last_edited=\u00a0\u00bbon|phone\u00a0\u00bb button_text_size_phone=\u00a0\u00bb18px\u00a0\u00bb sticky_enabled=\u00a0\u00bb0&Prime; button_text_size_tablet=\u00a0\u00bb20px\u00a0\u00bb][\/et_pb_button][et_pb_button button_url=\u00a0\u00bbhttps:\/\/reconverchiens.fr\/index.php\/reservations\/\u00a0\u00bb button_text=\u00a0\u00bb\ud83c\udf33 Rejoindre une balade co\u00a0\u00bb button_alignment=\u00a0\u00bbcenter\u00a0\u00bb _builder_version=\u00a0\u00bb4.22.0&Prime; _module_preset=\u00a0\u00bbdefault\u00a0\u00bb custom_button=\u00a0\u00bbon\u00a0\u00bb button_text_size=\u00a0\u00bb20px\u00a0\u00bb button_text_color=\u00a0\u00bb#FFFFFF\u00a0\u00bb button_bg_color=\u00a0\u00bb#372F3E\u00a0\u00bb button_border_width=\u00a0\u00bb0px\u00a0\u00bb button_border_color=\u00a0\u00bbRGBA(255,255,255,0)\u00a0\u00bb button_border_radius=\u00a0\u00bb5px\u00a0\u00bb button_font=\u00a0\u00bbABeeZee||||||||\u00a0\u00bb transform_scale=\u00a0\u00bb96%|96%\u00a0\u00bb custom_margin=\u00a0\u00bb2px|||||\u00a0\u00bb hover_enabled=\u00a0\u00bb0&Prime; global_colors_info=\u00a0\u00bb{}\u00a0\u00bb button_text_size_last_edited=\u00a0\u00bbon|phone\u00a0\u00bb button_text_size_phone=\u00a0\u00bb18px\u00a0\u00bb sticky_enabled=\u00a0\u00bb0&Prime; button_text_size_tablet=\u00a0\u00bb20px\u00a0\u00bb][\/et_pb_button][\/et_pb_column][\/et_pb_row][et_pb_row _builder_version=\u00a0\u00bb4.22.0&Prime; _module_preset=\u00a0\u00bbdefault\u00a0\u00bb global_colors_info=\u00a0\u00bb{}\u00a0\u00bb][et_pb_column type=\u00a0\u00bb4_4&Prime; _builder_version=\u00a0\u00bb4.22.0&Prime; _module_preset=\u00a0\u00bbdefault\u00a0\u00bb global_colors_info=\u00a0\u00bb{}\u00a0\u00bb][et_pb_text _builder_version=\u00a0\u00bb4.22.0&Prime; _module_preset=\u00a0\u00bbdefault\u00a0\u00bb text_font=\u00a0\u00bbAbril Fatface||||||||\u00a0\u00bb text_text_color=\u00a0\u00bb#372F3E\u00a0\u00bb text_font_size=\u00a0\u00bb26px\u00a0\u00bb text_orientation=\u00a0\u00bbcenter\u00a0\u00bb global_colors_info=\u00a0\u00bb{}\u00a0\u00bb]<\/p>\n<p>\ud83c\udf7f Comprendre gr\u00e2ce aux cours en ligne.<\/p>\n<p>[\/et_pb_text][et_pb_button button_url=\u00a0\u00bbhttps:\/\/reconverchiens.fr\/index.php\/comprendresonchien-eduquersonchien\/\u00a0\u00bb button_text=\u00a0\u00bb\ud83c\udfac \ud83d\udcdaCours en ligne comprendre et \u00e9duquer son chien \/ sa chienne\u00a0\u00bb button_alignment=\u00a0\u00bbcenter\u00a0\u00bb _builder_version=\u00a0\u00bb4.22.0&Prime; _module_preset=\u00a0\u00bbdefault\u00a0\u00bb custom_button=\u00a0\u00bbon\u00a0\u00bb button_text_size=\u00a0\u00bb17px\u00a0\u00bb button_text_color=\u00a0\u00bb#FFFFFF\u00a0\u00bb button_bg_color=\u00a0\u00bb#BEC5ED\u00a0\u00bb button_border_width=\u00a0\u00bb2px\u00a0\u00bb button_border_color=\u00a0\u00bb#BEC5ED\u00a0\u00bb button_border_radius=\u00a0\u00bb24px\u00a0\u00bb button_font=\u00a0\u00bbABeeZee||||||||\u00a0\u00bb transform_scale=\u00a0\u00bb96%|96%\u00a0\u00bb custom_margin=\u00a0\u00bb2px|||||\u00a0\u00bb global_colors_info=\u00a0\u00bb{}\u00a0\u00bb][\/et_pb_button][et_pb_button button_url=\u00a0\u00bbhttps:\/\/reconverchiens.fr\/index.php\/occupersonchien\/\u00a0\u00bb button_text=\u00a0\u00bb\ud83c\udfac \ud83d\udcdaCours en ligne occuper et apaiser mon chien \u00a0\u00bb button_alignment=\u00a0\u00bbcenter\u00a0\u00bb _builder_version=\u00a0\u00bb4.22.0&Prime; _module_preset=\u00a0\u00bbdefault\u00a0\u00bb custom_button=\u00a0\u00bbon\u00a0\u00bb button_text_size=\u00a0\u00bb17px\u00a0\u00bb button_text_color=\u00a0\u00bb#FFFFFF\u00a0\u00bb button_bg_color=\u00a0\u00bb#BEC5ED\u00a0\u00bb button_border_width=\u00a0\u00bb2px\u00a0\u00bb button_border_color=\u00a0\u00bb#BEC5ED\u00a0\u00bb button_border_radius=\u00a0\u00bb24px\u00a0\u00bb button_font=\u00a0\u00bbABeeZee||||||||\u00a0\u00bb transform_scale=\u00a0\u00bb96%|96%\u00a0\u00bb custom_margin=\u00a0\u00bb2px|||||\u00a0\u00bb global_colors_info=\u00a0\u00bb{}\u00a0\u00bb][\/et_pb_button][\/et_pb_column][\/et_pb_row][et_pb_row _builder_version=\u00a0\u00bb4.22.0&Prime; _module_preset=\u00a0\u00bbdefault\u00a0\u00bb global_colors_info=\u00a0\u00bb{}\u00a0\u00bb][et_pb_column type=\u00a0\u00bb4_4&Prime; _builder_version=\u00a0\u00bb4.22.0&Prime; _module_preset=\u00a0\u00bbdefault\u00a0\u00bb global_colors_info=\u00a0\u00bb{}\u00a0\u00bb][et_pb_text _builder_version=\u00a0\u00bb4.22.0&Prime; _module_preset=\u00a0\u00bbdefault\u00a0\u00bb text_font=\u00a0\u00bbAbril Fatface||||||||\u00a0\u00bb text_text_color=\u00a0\u00bb#372F3E\u00a0\u00bb text_font_size=\u00a0\u00bb26px\u00a0\u00bb text_orientation=\u00a0\u00bbcenter\u00a0\u00bb global_colors_info=\u00a0\u00bb{}\u00a0\u00bb]<\/p>\n<p>\ud83e\udd1d Mes partenaires que je recommande<\/p>\n<p>[\/et_pb_text][et_pb_text _builder_version=\u00a0\u00bb4.22.0&Prime; _module_preset=\u00a0\u00bbdefault\u00a0\u00bb text_font=\u00a0\u00bbABeeZee||||||||\u00a0\u00bb text_orientation=\u00a0\u00bbcenter\u00a0\u00bb hover_enabled=\u00a0\u00bb0&Prime; global_colors_info=\u00a0\u00bb{}\u00a0\u00bb text_font_size_last_edited=\u00a0\u00bbon|phone\u00a0\u00bb text_font_size_phone=\u00a0\u00bb10px\u00a0\u00bb sticky_enabled=\u00a0\u00bb0&Prime;]<\/p>\n<p>Je ne suis pas r\u00e9mun\u00e9r\u00e9e pour ces recommandations. En fonction des codes utilis\u00e9s j&rsquo;obtiens moi-m\u00eame des r\u00e9ductions sur mes prochains achats. Je ne vous conseille que des partenaires chez qui j&rsquo;ach\u00e8te moi-m\u00eame pour mon chien et en qui j&rsquo;ai confiance.<\/p>\n<p>[\/et_pb_text][et_pb_button button_url=\u00a0\u00bbhttps:\/\/inooko.com\/\u00a0\u00bb button_text=\u00a0\u00bb\ud83e\uddf8 Animalerie en ligne\u00a0\u00bb button_alignment=\u00a0\u00bbcenter\u00a0\u00bb _builder_version=\u00a0\u00bb4.22.0&Prime; _module_preset=\u00a0\u00bbdefault\u00a0\u00bb custom_button=\u00a0\u00bbon\u00a0\u00bb button_text_size=\u00a0\u00bb17px\u00a0\u00bb button_text_color=\u00a0\u00bb#FFFFFF\u00a0\u00bb button_bg_color=\u00a0\u00bb#BEC5ED\u00a0\u00bb button_border_width=\u00a0\u00bb2px\u00a0\u00bb button_border_color=\u00a0\u00bb#BEC5ED\u00a0\u00bb button_border_radius=\u00a0\u00bb24px\u00a0\u00bb button_font=\u00a0\u00bbABeeZee||||||||\u00a0\u00bb transform_scale=\u00a0\u00bb96%|96%\u00a0\u00bb custom_margin=\u00a0\u00bb2px||1px|||\u00a0\u00bb global_colors_info=\u00a0\u00bb{}\u00a0\u00bb][\/et_pb_button][et_pb_text _builder_version=\u00a0\u00bb4.22.0&Prime; _module_preset=\u00a0\u00bbdefault\u00a0\u00bb text_font=\u00a0\u00bbABeeZee||||||||\u00a0\u00bb text_orientation=\u00a0\u00bbcenter\u00a0\u00bb global_colors_info=\u00a0\u00bb{}\u00a0\u00bb]<\/p>\n<p>\ud83d\udcb0 -10% avec le code \u00ab\u00a0RECONVERCHIENS10\u00a0\u00bb<\/p>\n<p>[\/et_pb_text][et_pb_button button_url=\u00a0\u00bbhttps:\/\/www.canigourmand.com\/69-friandises-naturelles-chien#ref=8166393&Prime; button_text=\u00a0\u00bb\ud83c\udf56 Mastications et friandises\u00a0\u00bb button_alignment=\u00a0\u00bbcenter\u00a0\u00bb _builder_version=\u00a0\u00bb4.22.0&Prime; _module_preset=\u00a0\u00bbdefault\u00a0\u00bb custom_button=\u00a0\u00bbon\u00a0\u00bb button_text_size=\u00a0\u00bb17px\u00a0\u00bb button_text_color=\u00a0\u00bb#FFFFFF\u00a0\u00bb button_bg_color=\u00a0\u00bb#BEC5ED\u00a0\u00bb button_border_width=\u00a0\u00bb2px\u00a0\u00bb button_border_color=\u00a0\u00bb#BEC5ED\u00a0\u00bb button_border_radius=\u00a0\u00bb24px\u00a0\u00bb button_font=\u00a0\u00bbABeeZee||||||||\u00a0\u00bb transform_scale=\u00a0\u00bb96%|96%\u00a0\u00bb custom_margin=\u00a0\u00bb2px||3px|||\u00a0\u00bb global_colors_info=\u00a0\u00bb{}\u00a0\u00bb][\/et_pb_button][et_pb_text _builder_version=\u00a0\u00bb4.22.0&Prime; _module_preset=\u00a0\u00bbdefault\u00a0\u00bb text_font=\u00a0\u00bbABeeZee||||||||\u00a0\u00bb text_orientation=\u00a0\u00bbcenter\u00a0\u00bb global_colors_info=\u00a0\u00bb{}\u00a0\u00bb]<\/p>\n<p>\ud83d\udcb0 -5\u20ac \u00e0 l&rsquo;inscription avec le code 8166393<\/p>\n<p>[\/et_pb_text][et_pb_button button_url=\u00a0\u00bbhttps:\/\/unpasversmonchien.fr\/\u00a0\u00bb button_text=\u00a0\u00bb\ud83e\udea2 Laisses, longes et accessoires en biothane\u00a0\u00bb button_alignment=\u00a0\u00bbcenter\u00a0\u00bb _builder_version=\u00a0\u00bb4.22.0&Prime; _module_preset=\u00a0\u00bbdefault\u00a0\u00bb custom_button=\u00a0\u00bbon\u00a0\u00bb button_text_size=\u00a0\u00bb17px\u00a0\u00bb button_text_color=\u00a0\u00bb#FFFFFF\u00a0\u00bb button_bg_color=\u00a0\u00bb#BEC5ED\u00a0\u00bb button_border_width=\u00a0\u00bb2px\u00a0\u00bb button_border_color=\u00a0\u00bb#BEC5ED\u00a0\u00bb button_border_radius=\u00a0\u00bb24px\u00a0\u00bb button_font=\u00a0\u00bbABeeZee||||||||\u00a0\u00bb transform_scale=\u00a0\u00bb96%|96%\u00a0\u00bb custom_margin=\u00a0\u00bb2px||3px|||\u00a0\u00bb global_colors_info=\u00a0\u00bb{}\u00a0\u00bb][\/et_pb_button][et_pb_text _builder_version=\u00a0\u00bb4.22.0&Prime; _module_preset=\u00a0\u00bbdefault\u00a0\u00bb text_font=\u00a0\u00bbABeeZee||||||||\u00a0\u00bb text_orientation=\u00a0\u00bbcenter\u00a0\u00bb global_colors_info=\u00a0\u00bb{}\u00a0\u00bb]<\/p>\n<p>\ud83d\udcb0 -5% avec le code \u00ab\u00a0RECONVERCHIENS\u00a0\u00bb<\/p>\n<p>[\/et_pb_text][et_pb_button button_url=\u00a0\u00bbhttps:\/\/www.dogchef.com\/code\/PSA476927&Prime; button_text=\u00a0\u00bb\ud83c\udf57 Dog chef (ration m\u00e9nag\u00e8re)\u00a0\u00bb button_alignment=\u00a0\u00bbcenter\u00a0\u00bb _builder_version=\u00a0\u00bb4.22.0&Prime; _module_preset=\u00a0\u00bbdefault\u00a0\u00bb custom_button=\u00a0\u00bbon\u00a0\u00bb button_text_size=\u00a0\u00bb17px\u00a0\u00bb button_text_color=\u00a0\u00bb#FFFFFF\u00a0\u00bb button_bg_color=\u00a0\u00bb#BEC5ED\u00a0\u00bb button_border_width=\u00a0\u00bb2px\u00a0\u00bb button_border_color=\u00a0\u00bb#BEC5ED\u00a0\u00bb button_border_radius=\u00a0\u00bb24px\u00a0\u00bb button_font=\u00a0\u00bbABeeZee||||||||\u00a0\u00bb transform_scale=\u00a0\u00bb96%|96%\u00a0\u00bb custom_margin=\u00a0\u00bb2px||3px|||\u00a0\u00bb global_colors_info=\u00a0\u00bb{}\u00a0\u00bb][\/et_pb_button][et_pb_text _builder_version=\u00a0\u00bb4.22.0&Prime; _module_preset=\u00a0\u00bbdefault\u00a0\u00bb text_font=\u00a0\u00bbABeeZee||||||||\u00a0\u00bb text_orientation=\u00a0\u00bbcenter\u00a0\u00bb global_colors_info=\u00a0\u00bb{}\u00a0\u00bb]<\/p>\n<p>\ud83d\udcb0 -30% avec le lien, et le code \u00ab\u00a0PSA476927\u00a0\u00bb<\/p>\n<p>[\/et_pb_text][\/et_pb_column][\/et_pb_row][\/et_pb_section][et_pb_section fb_built=\u00a0\u00bb1&Prime; _builder_version=\u00a0\u00bb4.22.0&Prime; _module_preset=\u00a0\u00bbdefault\u00a0\u00bb background_color=\u00a0\u00bb#BEC5ED\u00a0\u00bb background_enable_image=\u00a0\u00bboff\u00a0\u00bb background_blend=\u00a0\u00bbmultiply\u00a0\u00bb custom_margin=\u00a0\u00bb0px||-8px||false|false\u00a0\u00bb custom_padding=\u00a0\u00bb7px||23px|||\u00a0\u00bb global_colors_info=\u00a0\u00bb{}\u00a0\u00bb][et_pb_row _builder_version=\u00a0\u00bb4.22.0&Prime; _module_preset=\u00a0\u00bbdefault\u00a0\u00bb custom_padding=\u00a0\u00bb||6px|||\u00a0\u00bb global_colors_info=\u00a0\u00bb{}\u00a0\u00bb][et_pb_column type=\u00a0\u00bb4_4&Prime; _builder_version=\u00a0\u00bb4.22.0&Prime; _module_preset=\u00a0\u00bbdefault\u00a0\u00bb global_colors_info=\u00a0\u00bb{}\u00a0\u00bb][et_pb_text _builder_version=\u00a0\u00bb4.22.0&Prime; _module_preset=\u00a0\u00bbdefault\u00a0\u00bb text_font=\u00a0\u00bb||||||||\u00a0\u00bb text_text_color=\u00a0\u00bbRGBA(255,255,255,0)\u00a0\u00bb text_font_size=\u00a0\u00bb3px\u00a0\u00bb text_orientation=\u00a0\u00bbcenter\u00a0\u00bb global_colors_info=\u00a0\u00bb{}\u00a0\u00bb]<\/p>\n<p>Comprendre son chien, \u00e9duquer son chien, comment \u00e9duquer son chien, les besoins du chien, accueil du chiot, \u00e9ducation chiot, accueil chien. Liens d&rsquo;acc\u00e8s pour pages du site de Melissa Laroche, \u00e9ducatrice canin, 94.<\/p>\n<p>[\/et_pb_text][et_pb_divider _builder_version=\u00a0\u00bb4.22.0&Prime; _module_preset=\u00a0\u00bbdefault\u00a0\u00bb global_colors_info=\u00a0\u00bb{}\u00a0\u00bb][\/et_pb_divider][\/et_pb_column][\/et_pb_row][\/et_pb_section]<\/p>\n","protected":false},"excerpt":{"rendered":"<p>Bienvenue dans votre safe-space pour \u00e9duquer et comprendrevotre chien ou votre chienne \ud83d\udc96\ud83c\udf7f Comprendre gr\u00e2ce aux cours en ligne.\ud83e\udd1d Mes partenaires que je recommandeJe ne suis pas r\u00e9mun\u00e9r\u00e9e pour ces recommandations. En fonction des codes utilis\u00e9s j&rsquo;obtiens moi-m\u00eame des r\u00e9ductions sur mes prochains achats. Je ne vous conseille que des partenaires chez qui j&rsquo;ach\u00e8te moi-m\u00eame [&hellip;]<\/p>\n","protected":false},"author":1,"featured_media":0,"parent":0,"menu_order":0,"comment_status":"closed","ping_status":"closed","template":"","meta":{"_et_pb_use_builder":"on","_et_pb_old_content":"","_et_gb_content_width":"","footnotes":""},"class_list":["post-853","page","type-page","status-publish","hentry"],"yoast_head":"<!-- This site is optimized with the Yoast SEO plugin v25.9 - https:\/\/yoast.com\/wordpress\/plugins\/seo\/ -->\n<title>Mes liens rapides - Reconverchiens<\/title>\n<meta name=\"description\" content=\"Prendre rendez-vous avec Reconverchiens pour l&#039;\u00e9ducation de son chien. Bons de r\u00e9duction canigourmand, dog chef, inooko et unpasversmonchien.\" \/>\n<meta name=\"robots\" content=\"index, follow, max-snippet:-1, max-image-preview:large, max-video-preview:-1\" \/>\n<link rel=\"canonical\" href=\"https:\/\/reconverchiens.fr\/index.php\/liens-rapides-educationcanine-94\/\" \/>\n<meta property=\"og:locale\" content=\"fr_FR\" \/>\n<meta property=\"og:type\" content=\"article\" \/>\n<meta property=\"og:title\" content=\"Mes liens rapides - Reconverchiens\" \/>\n<meta property=\"og:description\" content=\"Prendre rendez-vous avec Reconverchiens pour l&#039;\u00e9ducation de son chien. Bons de r\u00e9duction canigourmand, dog chef, inooko et unpasversmonchien.\" \/>\n<meta property=\"og:url\" content=\"https:\/\/reconverchiens.fr\/index.php\/liens-rapides-educationcanine-94\/\" \/>\n<meta property=\"og:site_name\" content=\"Reconverchiens\" \/>\n<meta property=\"article:modified_time\" content=\"2025-10-03T14:20:52+00:00\" \/>\n<meta name=\"twitter:card\" content=\"summary_large_image\" \/>\n<meta name=\"twitter:label1\" content=\"Dur\u00e9e de lecture estim\u00e9e\" \/>\n\t<meta name=\"twitter:data1\" content=\"1 minute\" \/>\n<script type=\"application\/ld+json\" class=\"yoast-schema-graph\">{\"@context\":\"https:\/\/schema.org\",\"@graph\":[{\"@type\":\"WebPage\",\"@id\":\"https:\/\/reconverchiens.fr\/index.php\/liens-rapides-educationcanine-94\/\",\"url\":\"https:\/\/reconverchiens.fr\/index.php\/liens-rapides-educationcanine-94\/\",\"name\":\"Mes liens rapides - Reconverchiens\",\"isPartOf\":{\"@id\":\"https:\/\/reconverchiens.fr\/#website\"},\"datePublished\":\"2025-10-03T14:13:08+00:00\",\"dateModified\":\"2025-10-03T14:20:52+00:00\",\"description\":\"Prendre rendez-vous avec Reconverchiens pour l'\u00e9ducation de son chien. Bons de r\u00e9duction canigourmand, dog chef, inooko et unpasversmonchien.\",\"breadcrumb\":{\"@id\":\"https:\/\/reconverchiens.fr\/index.php\/liens-rapides-educationcanine-94\/#breadcrumb\"},\"inLanguage\":\"fr-FR\",\"potentialAction\":[{\"@type\":\"ReadAction\",\"target\":[\"https:\/\/reconverchiens.fr\/index.php\/liens-rapides-educationcanine-94\/\"]}]},{\"@type\":\"BreadcrumbList\",\"@id\":\"https:\/\/reconverchiens.fr\/index.php\/liens-rapides-educationcanine-94\/#breadcrumb\",\"itemListElement\":[{\"@type\":\"ListItem\",\"position\":1,\"name\":\"Accueil\",\"item\":\"https:\/\/reconverchiens.fr\/\"},{\"@type\":\"ListItem\",\"position\":2,\"name\":\"Mes liens rapides\"}]},{\"@type\":\"WebSite\",\"@id\":\"https:\/\/reconverchiens.fr\/#website\",\"url\":\"https:\/\/reconverchiens.fr\/\",\"name\":\"Reconverchiens\",\"description\":\"\ud83d\udc69\u200d\ud83c\udfeb\ud83d\udc36 Melissa - Educatrice comportementaliste canin \u2600\ufe0f Vous aider \u00e0 (re)cr\u00e9er une relation saine avec vos \ud83d\udc15 par une approche bienveillante \ud83d\udccdParis \/ 94\",\"potentialAction\":[{\"@type\":\"SearchAction\",\"target\":{\"@type\":\"EntryPoint\",\"urlTemplate\":\"https:\/\/reconverchiens.fr\/?s={search_term_string}\"},\"query-input\":{\"@type\":\"PropertyValueSpecification\",\"valueRequired\":true,\"valueName\":\"search_term_string\"}}],\"inLanguage\":\"fr-FR\"}]}<\/script>\n<!-- \/ Yoast SEO plugin. -->","yoast_head_json":{"title":"Mes liens rapides - Reconverchiens","description":"Prendre rendez-vous avec Reconverchiens pour l'\u00e9ducation de son chien. Bons de r\u00e9duction canigourmand, dog chef, inooko et unpasversmonchien.","robots":{"index":"index","follow":"follow","max-snippet":"max-snippet:-1","max-image-preview":"max-image-preview:large","max-video-preview":"max-video-preview:-1"},"canonical":"https:\/\/reconverchiens.fr\/index.php\/liens-rapides-educationcanine-94\/","og_locale":"fr_FR","og_type":"article","og_title":"Mes liens rapides - Reconverchiens","og_description":"Prendre rendez-vous avec Reconverchiens pour l'\u00e9ducation de son chien. Bons de r\u00e9duction canigourmand, dog chef, inooko et unpasversmonchien.","og_url":"https:\/\/reconverchiens.fr\/index.php\/liens-rapides-educationcanine-94\/","og_site_name":"Reconverchiens","article_modified_time":"2025-10-03T14:20:52+00:00","twitter_card":"summary_large_image","twitter_misc":{"Dur\u00e9e de lecture estim\u00e9e":"1 minute"},"schema":{"@context":"https:\/\/schema.org","@graph":[{"@type":"WebPage","@id":"https:\/\/reconverchiens.fr\/index.php\/liens-rapides-educationcanine-94\/","url":"https:\/\/reconverchiens.fr\/index.php\/liens-rapides-educationcanine-94\/","name":"Mes liens rapides - Reconverchiens","isPartOf":{"@id":"https:\/\/reconverchiens.fr\/#website"},"datePublished":"2025-10-03T14:13:08+00:00","dateModified":"2025-10-03T14:20:52+00:00","description":"Prendre rendez-vous avec Reconverchiens pour l'\u00e9ducation de son chien. Bons de r\u00e9duction canigourmand, dog chef, inooko et unpasversmonchien.","breadcrumb":{"@id":"https:\/\/reconverchiens.fr\/index.php\/liens-rapides-educationcanine-94\/#breadcrumb"},"inLanguage":"fr-FR","potentialAction":[{"@type":"ReadAction","target":["https:\/\/reconverchiens.fr\/index.php\/liens-rapides-educationcanine-94\/"]}]},{"@type":"BreadcrumbList","@id":"https:\/\/reconverchiens.fr\/index.php\/liens-rapides-educationcanine-94\/#breadcrumb","itemListElement":[{"@type":"ListItem","position":1,"name":"Accueil","item":"https:\/\/reconverchiens.fr\/"},{"@type":"ListItem","position":2,"name":"Mes liens rapides"}]},{"@type":"WebSite","@id":"https:\/\/reconverchiens.fr\/#website","url":"https:\/\/reconverchiens.fr\/","name":"Reconverchiens","description":"\ud83d\udc69\u200d\ud83c\udfeb\ud83d\udc36 Melissa - Educatrice comportementaliste canin \u2600\ufe0f Vous aider \u00e0 (re)cr\u00e9er une relation saine avec vos \ud83d\udc15 par une approche bienveillante \ud83d\udccdParis \/ 94","potentialAction":[{"@type":"SearchAction","target":{"@type":"EntryPoint","urlTemplate":"https:\/\/reconverchiens.fr\/?s={search_term_string}"},"query-input":{"@type":"PropertyValueSpecification","valueRequired":true,"valueName":"search_term_string"}}],"inLanguage":"fr-FR"}]}},"_links":{"self":[{"href":"https:\/\/reconverchiens.fr\/index.php\/wp-json\/wp\/v2\/pages\/853","targetHints":{"allow":["GET"]}}],"collection":[{"href":"https:\/\/reconverchiens.fr\/index.php\/wp-json\/wp\/v2\/pages"}],"about":[{"href":"https:\/\/reconverchiens.fr\/index.php\/wp-json\/wp\/v2\/types\/page"}],"author":[{"embeddable":true,"href":"https:\/\/reconverchiens.fr\/index.php\/wp-json\/wp\/v2\/users\/1"}],"replies":[{"embeddable":true,"href":"https:\/\/reconverchiens.fr\/index.php\/wp-json\/wp\/v2\/comments?post=853"}],"version-history":[{"count":4,"href":"https:\/\/reconverchiens.fr\/index.php\/wp-json\/wp\/v2\/pages\/853\/revisions"}],"predecessor-version":[{"id":859,"href":"https:\/\/reconverchiens.fr\/index.php\/wp-json\/wp\/v2\/pages\/853\/revisions\/859"}],"wp:attachment":[{"href":"https:\/\/reconverchiens.fr\/index.php\/wp-json\/wp\/v2\/media?parent=853"}],"curies":[{"name":"wp","href":"https:\/\/api.w.org\/{rel}","templated":true}]}}